{"id":55,"date":"2020-11-20T19:12:59","date_gmt":"2020-11-20T18:12:59","guid":{"rendered":"https:\/\/naturocook.com\/?page_id=55"},"modified":"2022-04-23T18:01:05","modified_gmt":"2022-04-23T16:01:05","slug":"accueil","status":"publish","type":"page","link":"https:\/\/naturocook.com\/","title":{"rendered":"Accueil"},"content":{"rendered":"\t\t<div data-elementor-type=\"wp-page\" data-elementor-id=\"55\" class=\"elementor elementor-55\">\n\t\t\t\t\t\t\t\t\t<section class=\"elementor-section elementor-top-section elementor-element elementor-element-6daa260a elementor-section-boxed elementor-section-height-default elementor-section-height-default\" data-id=\"6daa260a\" data-element_type=\"section\" data-settings=\"{&quot;background_background&quot;:&quot;classic&quot;,&quot;animation&quot;:&quot;none&quot;,&quot;shape_divider_bottom&quot;:&quot;mountains&quot;,&quot;shape_divider_top&quot;:&quot;mountains&quot;}\">\n\t\t\t\t\t\t\t<div class=\"elementor-background-overlay\"><\/div>\n\t\t\t\t\t\t<div class=\"elementor-shape elementor-shape-top\" data-negative=\"false\">\n\t\t\t<svg xmlns=\"http:\/\/www.w3.org\/2000\/svg\" viewBox=\"0 0 1000 100\" preserveAspectRatio=\"none\">\n\t<path class=\"elementor-shape-fill\" opacity=\"0.33\" d=\"M473,67.3c-203.9,88.3-263.1-34-320.3,0C66,119.1,0,59.7,0,59.7V0h1000v59.7 c0,0-62.1,26.1-94.9,29.3c-32.8,3.3-62.8-12.3-75.8-22.1C806,49.6,745.3,8.7,694.9,4.7S492.4,59,473,67.3z\"\/>\n\t<path class=\"elementor-shape-fill\" opacity=\"0.66\" d=\"M734,67.3c-45.5,0-77.2-23.2-129.1-39.1c-28.6-8.7-150.3-10.1-254,39.1 s-91.7-34.4-149.2,0C115.7,118.3,0,39.8,0,39.8V0h1000v36.5c0,0-28.2-18.5-92.1-18.5C810.2,18.1,775.7,67.3,734,67.3z\"\/>\n\t<path class=\"elementor-shape-fill\" d=\"M766.1,28.9c-200-57.5-266,65.5-395.1,19.5C242,1.8,242,5.4,184.8,20.6C128,35.8,132.3,44.9,89.9,52.5C28.6,63.7,0,0,0,0 h1000c0,0-9.9,40.9-83.6,48.1S829.6,47,766.1,28.9z\"\/>\n<\/svg>\t\t<\/div>\n\t\t\t\t<div class=\"elementor-shape elementor-shape-bottom\" data-negative=\"false\">\n\t\t\t<svg xmlns=\"http:\/\/www.w3.org\/2000\/svg\" viewBox=\"0 0 1000 100\" preserveAspectRatio=\"none\">\n\t<path class=\"elementor-shape-fill\" opacity=\"0.33\" d=\"M473,67.3c-203.9,88.3-263.1-34-320.3,0C66,119.1,0,59.7,0,59.7V0h1000v59.7 c0,0-62.1,26.1-94.9,29.3c-32.8,3.3-62.8-12.3-75.8-22.1C806,49.6,745.3,8.7,694.9,4.7S492.4,59,473,67.3z\"\/>\n\t<path class=\"elementor-shape-fill\" opacity=\"0.66\" d=\"M734,67.3c-45.5,0-77.2-23.2-129.1-39.1c-28.6-8.7-150.3-10.1-254,39.1 s-91.7-34.4-149.2,0C115.7,118.3,0,39.8,0,39.8V0h1000v36.5c0,0-28.2-18.5-92.1-18.5C810.2,18.1,775.7,67.3,734,67.3z\"\/>\n\t<path class=\"elementor-shape-fill\" d=\"M766.1,28.9c-200-57.5-266,65.5-395.1,19.5C242,1.8,242,5.4,184.8,20.6C128,35.8,132.3,44.9,89.9,52.5C28.6,63.7,0,0,0,0 h1000c0,0-9.9,40.9-83.6,48.1S829.6,47,766.1,28.9z\"\/>\n<\/svg>\t\t<\/div>\n\t\t\t\t\t<div class=\"elementor-container elementor-column-gap-default\">\n\t\t\t\t\t<div class=\"elementor-column elementor-col-100 elementor-top-column elementor-element elementor-element-392c7590\" data-id=\"392c7590\" data-element_type=\"column\">\n\t\t\t<div class=\"elementor-widget-wrap elementor-element-populated\">\n\t\t\t\t\t\t\t\t<div class=\"elementor-element elementor-element-4fd5ae4 elementor-widget__width-initial elementor-invisible elementor-widget elementor-widget-heading\" data-id=\"4fd5ae4\" data-element_type=\"widget\" data-settings=\"{&quot;_animation&quot;:&quot;zoomIn&quot;}\" data-widget_type=\"heading.default\">\n\t\t\t\t<div class=\"elementor-widget-container\">\n\t\t\t<h2 class=\"elementor-heading-title elementor-size-small\">NaturoCook<br> vous souhaite la bienvenue<\/h2>\t\t<\/div>\n\t\t\t\t<\/div>\n\t\t\t\t\t<\/div>\n\t\t<\/div>\n\t\t\t\t\t\t\t<\/div>\n\t\t<\/section>\n\t\t\t\t<section class=\"elementor-section elementor-top-section elementor-element elementor-element-7e36811 elementor-section-boxed elementor-section-height-default elementor-section-height-default\" data-id=\"7e36811\" data-element_type=\"section\">\n\t\t\t\t\t\t<div class=\"elementor-container elementor-column-gap-default\">\n\t\t\t\t\t<div class=\"elementor-column elementor-col-50 elementor-top-column elementor-element elementor-element-3c17dfe\" data-id=\"3c17dfe\" data-element_type=\"column\">\n\t\t\t<div class=\"elementor-widget-wrap elementor-element-populated\">\n\t\t\t\t\t\t\t\t<div class=\"elementor-element elementor-element-608d0c8 elementor-widget elementor-widget-heading\" data-id=\"608d0c8\" data-element_type=\"widget\" data-widget_type=\"heading.default\">\n\t\t\t\t<div class=\"elementor-widget-container\">\n\t\t\t<h2 class=\"elementor-heading-title elementor-size-default\">Naturo<\/h2>\t\t<\/div>\n\t\t\t\t<\/div>\n\t\t\t\t<div class=\"elementor-element elementor-element-8dbfc40 elementor-widget-divider--view-line elementor-widget elementor-widget-divider\" data-id=\"8dbfc40\" data-element_type=\"widget\" data-widget_type=\"divider.default\">\n\t\t\t\t<div class=\"elementor-widget-container\">\n\t\t\t\t\t<div class=\"elementor-divider\">\n\t\t\t<span class=\"elementor-divider-separator\">\n\t\t\t\t\t\t<\/span>\n\t\t<\/div>\n\t\t\t\t<\/div>\n\t\t\t\t<\/div>\n\t\t\t\t<div class=\"elementor-element elementor-element-00ce170 elementor-widget elementor-widget-text-editor\" data-id=\"00ce170\" data-element_type=\"widget\" data-widget_type=\"text-editor.default\">\n\t\t\t\t<div class=\"elementor-widget-container\">\n\t\t\t\t\t\t\t<p style=\"text-align: center;\"><em>La naturopathie est une technique de sant\u00e9 <\/em><em>naturelle<\/em><\/p><p><em>La naturopathie prend en compte l&rsquo;\u00eatre humain dans sa globalit\u00e9 (corps et esprit), et s&rsquo;appuie sur un ensemble de m\u00e9thodes naturelles pour pr\u00e9server et optimiser la sant\u00e9, en r\u00e9\u00e9quilibrant le fonctionnement de l&rsquo;organisme.<\/em><\/p><p><em>En aucun cas, la Naturopathie ne se substitue \u00e0 la m\u00e9decine conventionnelle seule habilit\u00e9e \u00e0 poser un diagnostic.<\/em><\/p>\t\t\t\t\t\t<\/div>\n\t\t\t\t<\/div>\n\t\t\t\t\t<\/div>\n\t\t<\/div>\n\t\t\t\t<div class=\"elementor-column elementor-col-50 elementor-top-column elementor-element elementor-element-d7fd7cb\" data-id=\"d7fd7cb\" data-element_type=\"column\">\n\t\t\t<div class=\"elementor-widget-wrap elementor-element-populated\">\n\t\t\t\t\t\t\t\t<div class=\"elementor-element elementor-element-c17082d elementor-widget elementor-widget-heading\" data-id=\"c17082d\" data-element_type=\"widget\" data-widget_type=\"heading.default\">\n\t\t\t\t<div class=\"elementor-widget-container\">\n\t\t\t<h2 class=\"elementor-heading-title elementor-size-default\">Cook<\/h2>\t\t<\/div>\n\t\t\t\t<\/div>\n\t\t\t\t<div class=\"elementor-element elementor-element-a56d6e3 elementor-widget-divider--view-line elementor-widget elementor-widget-divider\" data-id=\"a56d6e3\" data-element_type=\"widget\" data-widget_type=\"divider.default\">\n\t\t\t\t<div class=\"elementor-widget-container\">\n\t\t\t\t\t<div class=\"elementor-divider\">\n\t\t\t<span class=\"elementor-divider-separator\">\n\t\t\t\t\t\t<\/span>\n\t\t<\/div>\n\t\t\t\t<\/div>\n\t\t\t\t<\/div>\n\t\t\t\t<div class=\"elementor-element elementor-element-de4d82c elementor-widget elementor-widget-text-editor\" data-id=\"de4d82c\" data-element_type=\"widget\" data-widget_type=\"text-editor.default\">\n\t\t\t\t<div class=\"elementor-widget-container\">\n\t\t\t\t\t\t\t<p style=\"text-align: center;\"><em>La cuisine est un lien pour l&rsquo;\u00e9quilibre et le bien-\u00eatre de la sant\u00e9<\/em><\/p>\t\t\t\t\t\t<\/div>\n\t\t\t\t<\/div>\n\t\t\t\t\t<\/div>\n\t\t<\/div>\n\t\t\t\t\t\t\t<\/div>\n\t\t<\/section>\n\t\t\t\t<section class=\"elementor-section elementor-top-section elementor-element elementor-element-538c99d2 elementor-section-height-min-height elementor-section-full_width elementor-section-height-default elementor-section-items-middle\" data-id=\"538c99d2\" data-element_type=\"section\" data-settings=\"{&quot;background_background&quot;:&quot;classic&quot;}\">\n\t\t\t\t\t\t\t<div class=\"elementor-background-overlay\"><\/div>\n\t\t\t\t\t\t\t<div class=\"elementor-container elementor-column-gap-default\">\n\t\t\t\t\t<div class=\"elementor-column elementor-col-100 elementor-top-column elementor-element elementor-element-fb3d94f\" data-id=\"fb3d94f\" data-element_type=\"column\" data-settings=\"{&quot;background_background&quot;:&quot;gradient&quot;}\">\n\t\t\t<div class=\"elementor-widget-wrap elementor-element-populated\">\n\t\t\t\t\t\t\t\t<div class=\"elementor-element elementor-element-920f13d elementor-widget elementor-widget-heading\" data-id=\"920f13d\" data-element_type=\"widget\" data-widget_type=\"heading.default\">\n\t\t\t\t<div class=\"elementor-widget-container\">\n\t\t\t<h2 class=\"elementor-heading-title elementor-size-large\">\u201cL'objectif est de vous apporter <BR>\nle bonheur d'une bonne sant\u00e9 \ngr\u00e2ce \u00e0<BR>une cuisine naturelle, vari\u00e9e et \u00e9quilibr\u00e9e.\u201d<\/h2>\t\t<\/div>\n\t\t\t\t<\/div>\n\t\t\t\t<div class=\"elementor-element elementor-element-91539e8 elementor-widget elementor-widget-text-editor\" data-id=\"91539e8\" data-element_type=\"widget\" data-widget_type=\"text-editor.default\">\n\t\t\t\t<div class=\"elementor-widget-container\">\n\t\t\t\t\t\t\t<p style=\"text-align: center;\">La cuisine est le commencement :<\/p><p>le d\u00e9but de la vie, le d\u00e9but d&rsquo;une journ\u00e9e,<br \/>le d\u00e9but d&rsquo;un \u00e9v\u00e8nement, le d\u00e9but d&rsquo;une rencontre, le d\u00e9but d&rsquo;une bonne sant\u00e9.<\/p><p>La nature nous offre tout ce dont nous avons besoin<\/p>\t\t\t\t\t\t<\/div>\n\t\t\t\t<\/div>\n\t\t\t\t<div class=\"elementor-element elementor-element-64c844c elementor-invisible elementor-widget elementor-widget-image\" data-id=\"64c844c\" data-element_type=\"widget\" data-settings=\"{&quot;_animation&quot;:&quot;zoomInDown&quot;}\" data-widget_type=\"image.default\">\n\t\t\t\t<div class=\"elementor-widget-container\">\n\t\t\t\t\t\t\t\t\t\t\t\t<figure class=\"wp-caption\">\n\t\t\t\t\t\t\t\t\t\t\t<a href=\"https:\/\/naturocook.com\/index.php\/a-propos\/\">\n\t\t\t\t\t\t\t<img loading=\"lazy\" decoding=\"async\" width=\"1912\" height=\"2560\" src=\"https:\/\/i0.wp.com\/naturocook.com\/wp-content\/uploads\/2020\/11\/IMG_3821-2-scaled.jpg?fit=1912%2C2560&amp;ssl=1\" class=\"attachment-full size-full wp-image-82\" alt=\"\" srcset=\"https:\/\/i0.wp.com\/naturocook.com\/wp-content\/uploads\/2020\/11\/IMG_3821-2-scaled.jpg?w=1912&amp;ssl=1 1912w, https:\/\/i0.wp.com\/naturocook.com\/wp-content\/uploads\/2020\/11\/IMG_3821-2-scaled.jpg?resize=224%2C300&amp;ssl=1 224w, https:\/\/i0.wp.com\/naturocook.com\/wp-content\/uploads\/2020\/11\/IMG_3821-2-scaled.jpg?resize=765%2C1024&amp;ssl=1 765w, https:\/\/i0.wp.com\/naturocook.com\/wp-content\/uploads\/2020\/11\/IMG_3821-2-scaled.jpg?resize=768%2C1028&amp;ssl=1 768w, https:\/\/i0.wp.com\/naturocook.com\/wp-content\/uploads\/2020\/11\/IMG_3821-2-scaled.jpg?resize=1147%2C1536&amp;ssl=1 1147w, https:\/\/i0.wp.com\/naturocook.com\/wp-content\/uploads\/2020\/11\/IMG_3821-2-scaled.jpg?resize=1530%2C2048&amp;ssl=1 1530w, https:\/\/i0.wp.com\/naturocook.com\/wp-content\/uploads\/2020\/11\/IMG_3821-2-scaled.jpg?w=1636&amp;ssl=1 1636w\" sizes=\"auto, (max-width: 818px) 100vw, 818px\" \/>\t\t\t\t\t\t\t\t<\/a>\n\t\t\t\t\t\t\t\t\t\t\t<figcaption class=\"widget-image-caption wp-caption-text\">Benoit HERTZOG<\/figcaption>\n\t\t\t\t\t\t\t\t\t\t<\/figure>\n\t\t\t\t\t\t\t\t\t<\/div>\n\t\t\t\t<\/div>\n\t\t\t\t\t<\/div>\n\t\t<\/div>\n\t\t\t\t\t\t\t<\/div>\n\t\t<\/section>\n\t\t\t\t<section class=\"elementor-section elementor-top-section elementor-element elementor-element-3c33335 elementor-section-height-min-height elementor-section-boxed elementor-section-height-default elementor-section-items-middle\" data-id=\"3c33335\" data-element_type=\"section\">\n\t\t\t\t\t\t<div class=\"elementor-container elementor-column-gap-wider\">\n\t\t\t\t\t<div class=\"elementor-column elementor-col-50 elementor-top-column elementor-element elementor-element-cb0f5d2\" data-id=\"cb0f5d2\" data-element_type=\"column\">\n\t\t\t<div class=\"elementor-widget-wrap elementor-element-populated\">\n\t\t\t\t\t\t\t\t<div class=\"elementor-element elementor-element-68d7a65 elementor-widget elementor-widget-heading\" data-id=\"68d7a65\" data-element_type=\"widget\" data-widget_type=\"heading.default\">\n\t\t\t\t<div class=\"elementor-widget-container\">\n\t\t\t<h2 class=\"elementor-heading-title elementor-size-default\">Naturo<\/h2>\t\t<\/div>\n\t\t\t\t<\/div>\n\t\t\t\t<div class=\"elementor-element elementor-element-98dba4f elementor-widget elementor-widget-text-editor\" data-id=\"98dba4f\" data-element_type=\"widget\" data-widget_type=\"text-editor.default\">\n\t\t\t\t<div class=\"elementor-widget-container\">\n\t\t\t\t\t\t\t<p>Un naturopathe \u00e0 votre \u00e9coute pour trouver des solutions \u00e0 tous vos besoins\u00a0<\/p><p>Sur rendez-vous\u00a0<\/p>\t\t\t\t\t\t<\/div>\n\t\t\t\t<\/div>\n\t\t\t\t<div class=\"elementor-element elementor-element-59672d2 elementor-widget elementor-widget-image\" data-id=\"59672d2\" data-element_type=\"widget\" data-widget_type=\"image.default\">\n\t\t\t\t<div class=\"elementor-widget-container\">\n\t\t\t\t\t\t\t\t\t\t\t\t\t\t\t<img loading=\"lazy\" decoding=\"async\" width=\"300\" height=\"211\" src=\"https:\/\/i0.wp.com\/naturocook.com\/wp-content\/uploads\/2020\/11\/unnamed-scaled.jpg?fit=300%2C211&amp;ssl=1\" class=\"attachment-medium size-medium wp-image-79\" alt=\"\" srcset=\"https:\/\/i0.wp.com\/naturocook.com\/wp-content\/uploads\/2020\/11\/unnamed-scaled.jpg?w=2560&amp;ssl=1 2560w, https:\/\/i0.wp.com\/naturocook.com\/wp-content\/uploads\/2020\/11\/unnamed-scaled.jpg?resize=300%2C211&amp;ssl=1 300w, https:\/\/i0.wp.com\/naturocook.com\/wp-content\/uploads\/2020\/11\/unnamed-scaled.jpg?resize=1024%2C721&amp;ssl=1 1024w, https:\/\/i0.wp.com\/naturocook.com\/wp-content\/uploads\/2020\/11\/unnamed-scaled.jpg?resize=768%2C540&amp;ssl=1 768w, https:\/\/i0.wp.com\/naturocook.com\/wp-content\/uploads\/2020\/11\/unnamed-scaled.jpg?resize=1536%2C1081&amp;ssl=1 1536w, https:\/\/i0.wp.com\/naturocook.com\/wp-content\/uploads\/2020\/11\/unnamed-scaled.jpg?resize=2048%2C1441&amp;ssl=1 2048w, https:\/\/i0.wp.com\/naturocook.com\/wp-content\/uploads\/2020\/11\/unnamed-scaled.jpg?w=1636&amp;ssl=1 1636w, https:\/\/i0.wp.com\/naturocook.com\/wp-content\/uploads\/2020\/11\/unnamed-scaled.jpg?w=2454&amp;ssl=1 2454w\" sizes=\"auto, (max-width: 300px) 100vw, 300px\" \/>\t\t\t\t\t\t\t\t\t\t\t\t\t\t\t<\/div>\n\t\t\t\t<\/div>\n\t\t\t\t\t<\/div>\n\t\t<\/div>\n\t\t\t\t<div class=\"elementor-column elementor-col-50 elementor-top-column elementor-element elementor-element-880f7ef\" data-id=\"880f7ef\" data-element_type=\"column\">\n\t\t\t<div class=\"elementor-widget-wrap elementor-element-populated\">\n\t\t\t\t\t\t\t\t<div class=\"elementor-element elementor-element-67db8fe elementor-widget elementor-widget-heading\" data-id=\"67db8fe\" data-element_type=\"widget\" data-widget_type=\"heading.default\">\n\t\t\t\t<div class=\"elementor-widget-container\">\n\t\t\t<h2 class=\"elementor-heading-title elementor-size-default\">Cook\n\n\n\n<\/h2>\t\t<\/div>\n\t\t\t\t<\/div>\n\t\t\t\t<div class=\"elementor-element elementor-element-1f6690a elementor-widget elementor-widget-spacer\" data-id=\"1f6690a\" data-element_type=\"widget\" data-widget_type=\"spacer.default\">\n\t\t\t\t<div class=\"elementor-widget-container\">\n\t\t\t\t\t<div class=\"elementor-spacer\">\n\t\t\t<div class=\"elementor-spacer-inner\"><\/div>\n\t\t<\/div>\n\t\t\t\t<\/div>\n\t\t\t\t<\/div>\n\t\t\t\t<div class=\"elementor-element elementor-element-ad368b8 elementor-widget elementor-widget-text-editor\" data-id=\"ad368b8\" data-element_type=\"widget\" data-widget_type=\"text-editor.default\">\n\t\t\t\t<div class=\"elementor-widget-container\">\n\t\t\t\t\t\t\t<p>\u00a0Un chef priv\u00e9 pour tous vos repas et \u00e9v\u00e8nements.<\/p><p>Des cours de cuisine pour vous accompagner chez vous ou en visio-conf\u00e9rence<\/p><p>Des plats \u00e0 emporter \u00e0 choisir<\/p>\t\t\t\t\t\t<\/div>\n\t\t\t\t<\/div>\n\t\t\t\t<div class=\"elementor-element elementor-element-0b3747f elementor-widget elementor-widget-image\" data-id=\"0b3747f\" data-element_type=\"widget\" data-widget_type=\"image.default\">\n\t\t\t\t<div class=\"elementor-widget-container\">\n\t\t\t\t\t\t\t\t\t\t\t\t\t\t\t<img loading=\"lazy\" decoding=\"async\" width=\"300\" height=\"287\" src=\"https:\/\/i0.wp.com\/naturocook.com\/wp-content\/uploads\/2020\/11\/logo3.png?fit=300%2C287&amp;ssl=1\" class=\"attachment-medium size-medium wp-image-93\" alt=\"\" srcset=\"https:\/\/i0.wp.com\/naturocook.com\/wp-content\/uploads\/2020\/11\/logo3.png?w=1848&amp;ssl=1 1848w, https:\/\/i0.wp.com\/naturocook.com\/wp-content\/uploads\/2020\/11\/logo3.png?resize=300%2C287&amp;ssl=1 300w, https:\/\/i0.wp.com\/naturocook.com\/wp-content\/uploads\/2020\/11\/logo3.png?resize=1024%2C980&amp;ssl=1 1024w, https:\/\/i0.wp.com\/naturocook.com\/wp-content\/uploads\/2020\/11\/logo3.png?resize=768%2C735&amp;ssl=1 768w, https:\/\/i0.wp.com\/naturocook.com\/wp-content\/uploads\/2020\/11\/logo3.png?resize=1536%2C1470&amp;ssl=1 1536w, https:\/\/i0.wp.com\/naturocook.com\/wp-content\/uploads\/2020\/11\/logo3.png?w=1636&amp;ssl=1 1636w\" sizes=\"auto, (max-width: 300px) 100vw, 300px\" \/>\t\t\t\t\t\t\t\t\t\t\t\t\t\t\t<\/div>\n\t\t\t\t<\/div>\n\t\t\t\t\t<\/div>\n\t\t<\/div>\n\t\t\t\t\t\t\t<\/div>\n\t\t<\/section>\n\t\t\t\t<section class=\"elementor-section elementor-top-section elementor-element elementor-element-69237e42 elementor-section-content-middle elementor-section-boxed elementor-section-height-default elementor-section-height-default\" data-id=\"69237e42\" data-element_type=\"section\">\n\t\t\t\t\t\t<div class=\"elementor-container elementor-column-gap-default\">\n\t\t\t\t\t<div class=\"elementor-column elementor-col-50 elementor-top-column elementor-element elementor-element-2d49fa21\" data-id=\"2d49fa21\" data-element_type=\"column\">\n\t\t\t<div class=\"elementor-widget-wrap elementor-element-populated\">\n\t\t\t\t\t\t\t\t<div class=\"elementor-element elementor-element-731ba4af elementor-widget elementor-widget-heading\" data-id=\"731ba4af\" data-element_type=\"widget\" data-widget_type=\"heading.default\">\n\t\t\t\t<div class=\"elementor-widget-container\">\n\t\t\t<h2 class=\"elementor-heading-title elementor-size-small\">Nous trouver<\/h2>\t\t<\/div>\n\t\t\t\t<\/div>\n\t\t\t\t<div class=\"elementor-element elementor-element-5dcb2ecd elementor-widget-divider--view-line elementor-widget elementor-widget-divider\" data-id=\"5dcb2ecd\" data-element_type=\"widget\" data-widget_type=\"divider.default\">\n\t\t\t\t<div class=\"elementor-widget-container\">\n\t\t\t\t\t<div class=\"elementor-divider\">\n\t\t\t<span class=\"elementor-divider-separator\">\n\t\t\t\t\t\t<\/span>\n\t\t<\/div>\n\t\t\t\t<\/div>\n\t\t\t\t<\/div>\n\t\t\t\t<div class=\"elementor-element elementor-element-308e048a elementor-icon-list--layout-traditional elementor-list-item-link-full_width elementor-widget elementor-widget-icon-list\" data-id=\"308e048a\" data-element_type=\"widget\" data-widget_type=\"icon-list.default\">\n\t\t\t\t<div class=\"elementor-widget-container\">\n\t\t\t\t\t<ul class=\"elementor-icon-list-items\">\n\t\t\t\t\t\t\t<li class=\"elementor-icon-list-item\">\n\t\t\t\t\t\t\t\t\t\t\t<a href=\"http:\/\/796%20route%20de%20cairanne%2084150%20violes\">\n\n\t\t\t\t\t\t\t\t\t\t\t\t<span class=\"elementor-icon-list-icon\">\n\t\t\t\t\t\t\t<i aria-hidden=\"true\" class=\"fas fa-map-marker\"><\/i>\t\t\t\t\t\t<\/span>\n\t\t\t\t\t\t\t\t\t\t<span class=\"elementor-icon-list-text\">adresse<\/span>\n\t\t\t\t\t\t\t\t\t\t\t<\/a>\n\t\t\t\t\t\t\t\t\t<\/li>\n\t\t\t\t\t\t\t\t<li class=\"elementor-icon-list-item\">\n\t\t\t\t\t\t\t\t\t\t\t<span class=\"elementor-icon-list-icon\">\n\t\t\t\t\t\t\t<i aria-hidden=\"true\" class=\"fas fa-envelope-square\"><\/i>\t\t\t\t\t\t<\/span>\n\t\t\t\t\t\t\t\t\t\t<span class=\"elementor-icon-list-text\">benoit.hertzog84@gmail.com<\/span>\n\t\t\t\t\t\t\t\t\t<\/li>\n\t\t\t\t\t\t\t\t<li class=\"elementor-icon-list-item\">\n\t\t\t\t\t\t\t\t\t\t\t<span class=\"elementor-icon-list-icon\">\n\t\t\t\t\t\t\t<i aria-hidden=\"true\" class=\"fas fa-phone-square\"><\/i>\t\t\t\t\t\t<\/span>\n\t\t\t\t\t\t\t\t\t\t<span class=\"elementor-icon-list-text\">0033 609363109<\/span>\n\t\t\t\t\t\t\t\t\t<\/li>\n\t\t\t\t\t\t<\/ul>\n\t\t\t\t<\/div>\n\t\t\t\t<\/div>\n\t\t\t\t\t<\/div>\n\t\t<\/div>\n\t\t\t\t<div class=\"elementor-column elementor-col-50 elementor-top-column elementor-element elementor-element-ae69149\" data-id=\"ae69149\" data-element_type=\"column\">\n\t\t\t<div class=\"elementor-widget-wrap elementor-element-populated\">\n\t\t\t\t\t\t\t\t<div class=\"elementor-element elementor-element-43aa1e3d elementor-widget elementor-widget-google_maps\" data-id=\"43aa1e3d\" data-element_type=\"widget\" data-widget_type=\"google_maps.default\">\n\t\t\t\t<div class=\"elementor-widget-container\">\n\t\t\t\t\t<div class=\"elementor-custom-embed\">\n\t\t\t<iframe loading=\"lazy\"\n\t\t\t\t\tsrc=\"https:\/\/maps.google.com\/maps?q=796%20route%20de%20cairanne%2084150%20violes&#038;t=m&#038;z=4&#038;output=embed&#038;iwloc=near\"\n\t\t\t\t\ttitle=\"796 route de cairanne 84150 violes\"\n\t\t\t\t\taria-label=\"796 route de cairanne 84150 violes\"\n\t\t\t><\/iframe>\n\t\t<\/div>\n\t\t\t\t<\/div>\n\t\t\t\t<\/div>\n\t\t\t\t\t<\/div>\n\t\t<\/div>\n\t\t\t\t\t\t\t<\/div>\n\t\t<\/section>\n\t\t\t\t\t\t\t<\/div>\n\t\t","protected":false},"excerpt":{"rendered":"<p>NaturoCook vous souhaite la bienvenue Naturo La naturopathie est une technique de sant\u00e9 naturelle La naturopathie prend en compte l&rsquo;\u00eatre humain dans sa globalit\u00e9 (corps et esprit), et s&rsquo;appuie sur un ensemble de m\u00e9thodes naturelles pour pr\u00e9server et optimiser la sant\u00e9, en r\u00e9\u00e9quilibrant le fonctionnement &hellip; <\/p>\n","protected":false},"author":1,"featured_media":0,"parent":0,"menu_order":0,"comment_status":"closed","ping_status":"closed","template":"elementor_header_footer","meta":{"footnotes":""},"class_list":["post-55","page","type-page","status-publish","hentry"],"jetpack_sharing_enabled":true,"_links":{"self":[{"href":"https:\/\/naturocook.com\/index.php\/wp-json\/wp\/v2\/pages\/55","targetHints":{"allow":["GET"]}}],"collection":[{"href":"https:\/\/naturocook.com\/index.php\/wp-json\/wp\/v2\/pages"}],"about":[{"href":"https:\/\/naturocook.com\/index.php\/wp-json\/wp\/v2\/types\/page"}],"author":[{"embeddable":true,"href":"https:\/\/naturocook.com\/index.php\/wp-json\/wp\/v2\/users\/1"}],"replies":[{"embeddable":true,"href":"https:\/\/naturocook.com\/index.php\/wp-json\/wp\/v2\/comments?post=55"}],"version-history":[{"count":156,"href":"https:\/\/naturocook.com\/index.php\/wp-json\/wp\/v2\/pages\/55\/revisions"}],"predecessor-version":[{"id":989,"href":"https:\/\/naturocook.com\/index.php\/wp-json\/wp\/v2\/pages\/55\/revisions\/989"}],"wp:attachment":[{"href":"https:\/\/naturocook.com\/index.php\/wp-json\/wp\/v2\/media?parent=55"}],"curies":[{"name":"wp","href":"https:\/\/api.w.org\/{rel}","templated":true}]}}